{"id":69,"date":"2021-03-07T11:04:57","date_gmt":"2021-03-07T11:04:57","guid":{"rendered":"https:\/\/apartment-shop.com\/?page_id=69"},"modified":"2025-06-14T10:44:28","modified_gmt":"2025-06-14T10:44:28","slug":"ueber-uns","status":"publish","type":"page","link":"https:\/\/apartment-shop.com\/?page_id=69","title":{"rendered":"\u00dcber uns"},"content":{"rendered":"\n<p>Das <strong>apartment<\/strong> wurde im Oktober 1996 im M\u00fcnchner Stadtteil Haidhausen in einem kleinen Ladenlokal in der W\u00f6rthstr. 13 von mir, Andrea Kronawitter, er\u00f6ffnet.<\/p>\n\n\n\n<p>Dort wagte ich nach einem mehrmonatigen Aufenthalt in New York mit viel Enthusiasmus und vor allem Idealismus einen beruflichen Neuanfang mit einem eigenen Laden f\u00fcr &#8222;Mid-Century \/ Vintage Modern&#8220;-Einrichtungsgegenst\u00e4nde, also original US-Dinerm\u00f6bel, 50er bis 70er Jahre Einzelst\u00fccke, aufblasbare M\u00f6bel, Lavalampen und kombinierte dies mit Fundst\u00fccken von Antik- und Sammlerm\u00e4rkten <\/p>\n\n\n\n<p>Im Laufe der Jahre wandelte sich das Angebot in Richtung Handelsware, die ich auf in- und ausl\u00e4ndischen Messen ordere, v.a. weil die Beschaffung von Einzelst\u00fccken, v.a. aus dem Ausland, mit dem laufenden Gesch\u00e4ftsbetrieb schwer zu vereinbaren war und ist.<\/p>\n\n\n\n<p>Mit dem Umzug in die Maxvorstadt im Jahr 2002 stieg mein Mann Michael in die Firma ein und mit vereinten Kr\u00e4ften ging vieles leichter. Wir erg\u00e4nzten uns optimal, hatten oft den gleichen &#8222;Riecher&#8220; und Anspruch. <\/p>\n\n\n\n<p>Durch die Geburt unserer Kinder erweiterten wir die Produktpalette zu mehr Baby- und Kleinkind-Geschenken, da wir &#8211; selbst Eltern &#8211; durch unsere Erfahrung kompetente Beratung anbieten konnten, aber auch der Spa\u00df- und Retro-Faktor kommt in unserem aktuellen Sortiment nicht zu kurz.<\/p>\n\n\n\n<p>Dabei gehen wir immer noch sehr selektiv vor, unser Fokus liegt nach wie vor auf originellen und ausgefallenen Artikeln, dem &#8222;Mut zur Nische&#8220; und dem &#8222;Umschiffen&#8220; des Mainstream-Geschmacks.<\/p>\n\n\n\n<p>Meiner Liebe zu <strong>Mexiko<\/strong> und unseren mehrfachen Reisen in dieses gro\u00dfartige Land verdankt der Laden die gro\u00dfe Auswahl an mexikanischen Produkten wie Keramikgeschirr, Lucha-Libre-Masken, Papel Picado (Girlanden), Heiligenbilder, Guadalupe-Statuen, Calaveras (Totenk\u00f6pfe), Kunsthandwerk, Kerzen, Sarapes (Tagesdecken), oder farbenfrohes Wachstuch vom Meter, wie es wohl in jeder mexikanischen Gark\u00fcche (&#8222;Cantina&#8220;) anzutreffen ist.<\/p>\n\n\n\n<p>Dar\u00fcberhinaus gilt unsere gro\u00dfe Liebe <strong>Frankreich<\/strong> und wir beziehen v.a. Heimtextilien, Kissen, Puzzle, Poster und Papeterie von dort (z. B. von Coucke, Cartesdart, Le Studio, Kiub, Autrefois D\u00e9coration, Piece &amp; Love, Yeaaah! Studio, Olahoop Travel Poster).<\/p>\n\n\n\n<p>Aus <strong>Indien<\/strong> und <strong>Marokko \/Ghana<\/strong> stammen unsere beliebten Matten und Teppiche (f\u00fcr den In- und Outdoor-Bereich) in vielen tollen Farben, Gr\u00f6\u00dfen und Designs, aber auch Edelstahlprodukte.<\/p>\n\n\n\n<p>Seit kurzem wird unser Sortiment mit Essgeschirr von Tokyo Design aus <strong>Japan<\/strong> bereichert. Passend hierzu gibt es japanische Essst\u00e4bchen sowie Gru\u00df- u. Postkarten.<\/p>\n\n\n\n<p>\u00dcber unsere Zwischenh\u00e4ndler in den <strong>Niederlanden<\/strong> finden die meisten Produkte aus \u00dcbersee (Mexiko \/ Indien \/ Marokko \/ Ghana) Eingang in unser Sortiment, wobei hervorzuheben ist, dass es in erster Linie von Frauen gef\u00fchrte Import-Firmen sind, die diese tolle Arbeit leisten und von deren logistischen und kreativen F\u00e4higkeiten unser Laden sehr profitiert. Dank u wel !<\/p>\n\n\n\n<p>Wir sind sehr gl\u00fccklich, seit \u00fcber viele Jahre gute Kontakte zu H\u00e4ndlern und Importeuren im In- und Ausland zu haben, mit denen wir auch \u00fcber das rein Gesch\u00e4ftliche guten und freundschaftlichen Umgang pflegen und die uns zuverl\u00e4ssig mit ausgefallenen und ungew\u00f6hnlichen Produkten versorgen.<\/p>\n\n\n\n<p>Mittlerweile bemerken wir mit viel Stolz und Freude, dass viele unserer Kundinnen und Kunden begeistert sind, wenn sie nach l\u00e4ngerer Zeit (z. B. nach Wegzug aus M\u00fcnchen) wieder mal bei uns vorbeischauen. <\/p>\n\n\n\n<p>Wir h\u00f6ren dann oft:  &#8222;Wie sch\u00f6n, dass es Euch noch gibt!&#8220; &#8230;&#8230;<\/p>\n\n\n\n<p><\/p>\n","protected":false},"excerpt":{"rendered":"<p>Das apartment wurde im Oktober 1996 im M\u00fcnchner Stadtteil Haidhausen in einem kleinen Ladenlokal in der W\u00f6rthstr. 13 von mir, Andrea Kronawitter, er\u00f6ffnet. Dort wagte ich nach einem mehrmonatigen Aufenthalt in New York mit viel Enthusiasmus und vor allem Idealismus einen beruflichen Neuanfang mit einem eigenen Laden f\u00fcr &#8222;Mid-Century \/ Vintage Modern&#8220;-Einrichtungsgegenst\u00e4nde, also original US-Dinerm\u00f6bel,&hellip; <a class=\"more-link\" href=\"https:\/\/apartment-shop.com\/?page_id=69\"><span class=\"screen-reader-text\">\u00dcber uns<\/span> weiterlesen<\/a><\/p>\n","protected":false},"author":1,"featured_media":0,"parent":0,"menu_order":0,"comment_status":"closed","ping_status":"closed","template":"","meta":{"footnotes":""},"class_list":["post-69","page","type-page","status-publish","hentry","entry"],"_links":{"self":[{"href":"https:\/\/apartment-shop.com\/index.php?rest_route=\/wp\/v2\/pages\/69","targetHints":{"allow":["GET"]}}],"collection":[{"href":"https:\/\/apartment-shop.com\/index.php?rest_route=\/wp\/v2\/pages"}],"about":[{"href":"https:\/\/apartment-shop.com\/index.php?rest_route=\/wp\/v2\/types\/page"}],"author":[{"embeddable":true,"href":"https:\/\/apartment-shop.com\/index.php?rest_route=\/wp\/v2\/users\/1"}],"replies":[{"embeddable":true,"href":"https:\/\/apartment-shop.com\/index.php?rest_route=%2Fwp%2Fv2%2Fcomments&post=69"}],"version-history":[{"count":22,"href":"https:\/\/apartment-shop.com\/index.php?rest_route=\/wp\/v2\/pages\/69\/revisions"}],"predecessor-version":[{"id":426,"href":"https:\/\/apartment-shop.com\/index.php?rest_route=\/wp\/v2\/pages\/69\/revisions\/426"}],"wp:attachment":[{"href":"https:\/\/apartment-shop.com\/index.php?rest_route=%2Fwp%2Fv2%2Fmedia&parent=69"}],"curies":[{"name":"wp","href":"https:\/\/api.w.org\/{rel}","templated":true}]}}