{"id":76,"date":"2021-03-07T08:31:11","date_gmt":"2021-03-07T08:31:11","guid":{"rendered":"https:\/\/apartment-shop.com\/?page_id=76"},"modified":"2025-06-13T17:48:20","modified_gmt":"2025-06-13T17:48:20","slug":"__trashed","status":"publish","type":"page","link":"https:\/\/apartment-shop.com\/","title":{"rendered":"Home"},"content":{"rendered":"\n<div class=\"wp-block-columns are-vertically-aligned-top is-style-default is-layout-flex wp-container-core-columns-is-layout-9d6595d7 wp-block-columns-is-layout-flex\">\n<div class=\"wp-block-column is-vertically-aligned-top is-layout-flow wp-block-column-is-layout-flow\" style=\"flex-basis:100%\">\n<p>Willkommen bei &#8222;Apartment&#8230;shop around the world&#8220;, dem Laden f\u00fcr ausgefallene Geschenke und Wohnbedarf in der Barerstr. 49 in 80799 M\u00fcnchen (Maxvorstadt) !<\/p>\n<\/div>\n<\/div>\n\n\n\n<div class=\"wp-block-group is-vertical is-content-justification-center is-layout-flex wp-container-core-group-is-layout-dae89687 wp-block-group-is-layout-flex\">\n<p>Unsere \u00d6ffnungszeiten: <\/p>\n\n\n\n<div class=\"wp-block-group\"><div class=\"wp-block-group__inner-container is-layout-constrained wp-block-group-is-layout-constrained\">\n<p class=\"has-text-align-center\">Di &#8211; Fr 12 &#8211; 18:30 Uhr<\/p>\n<\/div><\/div>\n\n\n\n<p>Sa 11 &#8211; 17 Uhr<\/p>\n\n\n\n<p>Telefonisch erreichen Sie uns unter 089\/ 448 24 40 (w\u00e4hrend der Laden\u00f6ffnungszeiten) und mobil jederzeit unter 0176 \/ 9229 0609.<\/p>\n<\/div>\n\n\n\n<p>Wir freuen uns auf Ihren Besuch. <\/p>\n\n\n\n<p>Ihr Apartment-Team <\/p>\n\n\n\n<p>Andrea Kronawitter und Michael Kronawitter-Feix<\/p>\n","protected":false},"excerpt":{"rendered":"<p>Willkommen bei &#8222;Apartment&#8230;shop around the world&#8220;, dem Laden f\u00fcr ausgefallene Geschenke und Wohnbedarf in der Barerstr. 49 in 80799 M\u00fcnchen (Maxvorstadt) ! Unsere \u00d6ffnungszeiten: Di &#8211; Fr 12 &#8211; 18:30 Uhr Sa 11 &#8211; 17 Uhr Telefonisch erreichen Sie uns unter 089\/ 448 24 40 (w\u00e4hrend der Laden\u00f6ffnungszeiten) und mobil jederzeit unter 0176 \/ 9229&hellip; <a class=\"more-link\" href=\"https:\/\/apartment-shop.com\/\"><span class=\"screen-reader-text\">Home<\/span> weiterlesen<\/a><\/p>\n","protected":false},"author":1,"featured_media":0,"parent":0,"menu_order":0,"comment_status":"closed","ping_status":"closed","template":"","meta":{"footnotes":""},"class_list":["post-76","page","type-page","status-publish","hentry","entry"],"_links":{"self":[{"href":"https:\/\/apartment-shop.com\/index.php?rest_route=\/wp\/v2\/pages\/76","targetHints":{"allow":["GET"]}}],"collection":[{"href":"https:\/\/apartment-shop.com\/index.php?rest_route=\/wp\/v2\/pages"}],"about":[{"href":"https:\/\/apartment-shop.com\/index.php?rest_route=\/wp\/v2\/types\/page"}],"author":[{"embeddable":true,"href":"https:\/\/apartment-shop.com\/index.php?rest_route=\/wp\/v2\/users\/1"}],"replies":[{"embeddable":true,"href":"https:\/\/apartment-shop.com\/index.php?rest_route=%2Fwp%2Fv2%2Fcomments&post=76"}],"version-history":[{"count":37,"href":"https:\/\/apartment-shop.com\/index.php?rest_route=\/wp\/v2\/pages\/76\/revisions"}],"predecessor-version":[{"id":422,"href":"https:\/\/apartment-shop.com\/index.php?rest_route=\/wp\/v2\/pages\/76\/revisions\/422"}],"wp:attachment":[{"href":"https:\/\/apartment-shop.com\/index.php?rest_route=%2Fwp%2Fv2%2Fmedia&parent=76"}],"curies":[{"name":"wp","href":"https:\/\/api.w.org\/{rel}","templated":true}]}}