{"id":96,"date":"2021-03-07T11:53:33","date_gmt":"2021-03-07T11:53:33","guid":{"rendered":"https:\/\/apartment-shop.com\/?page_id=96"},"modified":"2025-06-13T12:21:44","modified_gmt":"2025-06-13T12:21:44","slug":"produkte","status":"publish","type":"page","link":"https:\/\/apartment-shop.com\/?page_id=96","title":{"rendered":"Produkte"},"content":{"rendered":"\n<p>Wir verkaufen: <\/p>\n\n\n\n<ul class=\"wp-block-list\">\n<li><strong>Wohnbedarf<\/strong> wie Flechtk\u00f6rbe, Bilderrahmen, Vasen, Faltleuchten aus Papier, Leuchten aus Naturmaterialien, (LED-) Tischleuchten, Uhren, Kissen, Poster, Fu\u00dfmatten, Teppiche und L\u00e4ufer (In- u. Outdoor), Windlichter, Kerzenst\u00e4nder, Kleinm\u00f6bel (Hocker, Regale), Wanddekorationen, Tabletts, Ablageteller, Buchst\u00fctzen, Fischvasen, Kerzen, Spardosen, <\/li>\n\n\n\n<li><strong>Ware<\/strong> aus <strong>Mexiko<\/strong> wie Blechherzen, Kerzen, Obstschalen, Tassen, Teller, Sch\u00e4lchen in vielen Gr\u00f6\u00dfen, Papel picado (Girlanden), Papierr\u00f6schen, Calavera (Totenkopf)-Artikel, Heiligendeko, Guadalupe-Statuen, D\u00eda de los Muertos (Tag der Toten)-Artikel, Sarapes (bunt gestreifte mex. Tagesdecken), Wachstuch vom Meter, Magnete, Lucha-Libre-Masken, Etuis, Netztaschen,<\/li>\n\n\n\n<li><strong>K\u00fcchenartikel<\/strong> wie Tassen, Teller, Schalen, Milchk\u00e4nnchen, Thermoskannen, Teekannen, Untersetzer, Fr\u00fchst\u00fccksbrettchen, Servietten, Kapselheber, Korkenzieher, Ofenhandschuhe, Topflappen, Geschirrt\u00fccher, Trinkflaschen, Lunchboxen, Melamingeschirr, Tabletts, K\u00fcchentimer, japanische Schalen und Essst\u00e4bchen<\/li>\n\n\n\n<li><strong style=\"font-family: var(--list--font-family); color: var(--global--color-primary); font-size: var(--global--font-size-base);\">Badzubeh\u00f6r<\/strong><span style=\"font-family: var(--list--font-family); color: var(--global--color-primary); font-size: var(--global--font-size-base); background-color: var(--global--color-background);\"> wie <\/span>Badvorleger, Badet\u00fccher, ,<\/li>\n\n\n\n<li><strong>Textilien<\/strong> wie Tischdecken, Socken, Schals, Kissenbez\u00fcge, Tagesdecken, Umh\u00e4ngetaschen, Etuis, Strandt\u00fccher<\/li>\n\n\n\n<li><strong>Baby- u. Kleinkindartikel <\/strong>wie Rasseln, Kinderwagen- und Schnullerketten, Babydecken, Kindergeschirr und -besteck, L\u00e4tzchen,  Ausmalb\u00fccher, Lauflernschuhe, Trinkflaschen, Lunchboxen, Stapel- u. Kl\u00f6tzchenspiele, Regenschirme, Rucks\u00e4cke, abwaschbare Tattoos <\/li>\n\n\n\n<li><strong>Spielwaren<\/strong> wie Puzzles, Memories, Quizze, Escape-Spiele, Kartenspiele, Tarots, Besch\u00e4ftigungsb\u00fccher, <\/li>\n\n\n\n<li><strong>Dekoration<\/strong> wie Lavaleuchten, Deko-Leuchten, Poster, Bilderrahmen, Blechschilder, Girlanden, Windlichter, Sternleuchten, Heiligenkitsch aus Mexiko, Lateinamerika und Italien<\/li>\n\n\n\n<li><strong>Papier- \/ Schreibwaren<\/strong> wie Gru\u00dfkarten, Postkarten, Geschenkpapiere, Notizhefte und -b\u00fccher, Kugelschreiber, Farbstifte, Bleistifte, Magnete, <\/li>\n\n\n\n<li><strong style=\"font-family: var(--list--font-family); color: var(--global--color-primary); font-size: var(--global--font-size-base);\">Saisonware<\/strong><span style=\"font-family: var(--list--font-family); color: var(--global--color-primary); font-size: var(--global--font-size-base); background-color: var(--global--color-background);\"> (Ostern, Weihnachten) <\/span><\/li>\n\n\n\n<li><strong>S\u00fcsswaren<\/strong> wie Lollis, Kaugummis, Bonbons<\/li>\n\n\n\n<li><strong>Scherzartikel<\/strong> wie Humormedizin, falsche B\u00e4rte, falsche Z\u00e4hne <\/li>\n\n\n\n<li>eine kleine Auswahl an (originellen) <strong>B\u00fcchern<\/strong><\/li>\n\n\n\n<li>und sooo vieles mehr&#8230;.<\/li>\n<\/ul>\n\n\n\n<p>Wir f\u00fchren u.a. folgende Marken: <\/p>\n\n\n\n<p>1973, 17;30 Hamburg, ActeTre, ActeTre, BlueQ, Cartesdart, Casamaria, Coucke, Dr.P.Lacebo, Galison, Gift Company, gift republic, Halfmoonbay, imbarro, inkognito, iTotal, Kikkerland, Kitsch Kitchen, Kiub (Gwenaelle Trolez), Lagom, Laurence King Verlag, LeStudio, Logoshirt, MAGS, Meander, Miss Sparrow, Mr Heron, monimari, moses, o.k. international, Olahoop Travelposters, Pomegranate, petit jour, Piece&amp;Love, remember, RexLondon, rosiemadeathing, Santa Jet, SantHonor\u00e9, Sass &amp; Belle, sindibaba, Tienda Esquipulas, Tokyo Design Studio, typealive, Unemployed Philosophers Guild, Werner Voss, Yeaaah! Studio, u.v.m.<\/p>\n\n\n\n<p><\/p>\n","protected":false},"excerpt":{"rendered":"<p>Wir verkaufen: Wir f\u00fchren u.a. folgende Marken: 1973, 17;30 Hamburg, ActeTre, ActeTre, BlueQ, Cartesdart, Casamaria, Coucke, Dr.P.Lacebo, Galison, Gift Company, gift republic, Halfmoonbay, imbarro, inkognito, iTotal, Kikkerland, Kitsch Kitchen, Kiub (Gwenaelle Trolez), Lagom, Laurence King Verlag, LeStudio, Logoshirt, MAGS, Meander, Miss Sparrow, Mr Heron, monimari, moses, o.k. international, Olahoop Travelposters, Pomegranate, petit jour, Piece&amp;Love, remember,&hellip; <a class=\"more-link\" href=\"https:\/\/apartment-shop.com\/?page_id=96\"><span class=\"screen-reader-text\">Produkte<\/span> weiterlesen<\/a><\/p>\n","protected":false},"author":1,"featured_media":0,"parent":0,"menu_order":0,"comment_status":"closed","ping_status":"closed","template":"","meta":{"footnotes":""},"class_list":["post-96","page","type-page","status-publish","hentry","entry"],"_links":{"self":[{"href":"https:\/\/apartment-shop.com\/index.php?rest_route=\/wp\/v2\/pages\/96","targetHints":{"allow":["GET"]}}],"collection":[{"href":"https:\/\/apartment-shop.com\/index.php?rest_route=\/wp\/v2\/pages"}],"about":[{"href":"https:\/\/apartment-shop.com\/index.php?rest_route=\/wp\/v2\/types\/page"}],"author":[{"embeddable":true,"href":"https:\/\/apartment-shop.com\/index.php?rest_route=\/wp\/v2\/users\/1"}],"replies":[{"embeddable":true,"href":"https:\/\/apartment-shop.com\/index.php?rest_route=%2Fwp%2Fv2%2Fcomments&post=96"}],"version-history":[{"count":9,"href":"https:\/\/apartment-shop.com\/index.php?rest_route=\/wp\/v2\/pages\/96\/revisions"}],"predecessor-version":[{"id":389,"href":"https:\/\/apartment-shop.com\/index.php?rest_route=\/wp\/v2\/pages\/96\/revisions\/389"}],"wp:attachment":[{"href":"https:\/\/apartment-shop.com\/index.php?rest_route=%2Fwp%2Fv2%2Fmedia&parent=96"}],"curies":[{"name":"wp","href":"https:\/\/api.w.org\/{rel}","templated":true}]}}